{"id":1874,"date":"2026-04-28T09:15:46","date_gmt":"2026-04-28T08:15:46","guid":{"rendered":"https:\/\/saolastudio.pl\/?page_id=1874"},"modified":"2026-04-28T11:40:23","modified_gmt":"2026-04-28T10:40:23","slug":"sprzet-palac","status":"publish","type":"page","link":"https:\/\/saolastudio.pl\/index.php\/sprzet-palac\/","title":{"rendered":"Sprz\u0119t ul. Kili\u0144skiego"},"content":{"rendered":"\n<p>O\u015aWIETLENIE<\/p>\n\n\n\n<figure class=\"wp-block-gallery has-nested-images columns-default is-cropped wp-block-gallery-1 is-layout-flex wp-block-gallery-is-layout-flex\">\n<figure class=\"wp-block-image size-large\"><img loading=\"lazy\" decoding=\"async\" width=\"640\" height=\"640\" data-id=\"1900\" src=\"https:\/\/i0.wp.com\/saolastudio.pl\/wp-content\/uploads\/2026\/04\/smallrig-cob-rc-220b-pro-bicolor-kopia.png?resize=640%2C640&#038;quality=99&#038;ssl=1\" alt=\"\" class=\"wp-image-1900\" data-recalc-dims=\"1\"\/><\/figure>\n\n\n\n<figure class=\"wp-block-image size-large\"><img loading=\"lazy\" decoding=\"async\" width=\"640\" height=\"640\" data-id=\"1895\" src=\"https:\/\/i0.wp.com\/saolastudio.pl\/wp-content\/uploads\/2026\/04\/pusty-kafaelek-tlo-2.png?resize=640%2C640&#038;quality=99&#038;ssl=1\" alt=\"\" class=\"wp-image-1895\" data-recalc-dims=\"1\"\/><\/figure>\n\n\n\n<figure class=\"wp-block-image size-large\"><img loading=\"lazy\" decoding=\"async\" width=\"640\" height=\"640\" data-id=\"1895\" src=\"https:\/\/i0.wp.com\/saolastudio.pl\/wp-content\/uploads\/2026\/04\/pusty-kafaelek-tlo-2.png?resize=640%2C640&#038;quality=99&#038;ssl=1\" alt=\"\" class=\"wp-image-1895\" data-recalc-dims=\"1\"\/><\/figure>\n<\/figure>\n\n\n\n<p>MODYFIKATORY<\/p>\n\n\n\n<figure class=\"wp-block-gallery has-nested-images columns-default is-cropped wp-block-gallery-2 is-layout-flex wp-block-gallery-is-layout-flex\">\n<figure class=\"wp-block-image size-large\"><img loading=\"lazy\" decoding=\"async\" width=\"640\" height=\"640\" data-id=\"1903\" src=\"https:\/\/i0.wp.com\/saolastudio.pl\/wp-content\/uploads\/2026\/04\/smallrig-latern-kopia-2.png?resize=640%2C640&#038;quality=99&#038;ssl=1\" alt=\"\" class=\"wp-image-1903\" data-recalc-dims=\"1\"\/><\/figure>\n\n\n\n<figure class=\"wp-block-image size-large\"><img loading=\"lazy\" decoding=\"async\" width=\"640\" height=\"640\" data-id=\"1904\" src=\"https:\/\/i0.wp.com\/saolastudio.pl\/wp-content\/uploads\/2026\/04\/2-quadralite-flex-120-skadany-softbox-octa-grid-kopia-2.png?resize=640%2C640&#038;quality=99&#038;ssl=1\" alt=\"\" class=\"wp-image-1904\" data-recalc-dims=\"1\"\/><\/figure>\n\n\n\n<figure class=\"wp-block-image size-full\"><img loading=\"lazy\" decoding=\"async\" width=\"640\" height=\"640\" data-id=\"1914\" src=\"https:\/\/i0.wp.com\/saolastudio.pl\/wp-content\/uploads\/2026\/04\/smallrig-czasza-kopia-2.png?resize=640%2C640&#038;quality=99&#038;ssl=1\" alt=\"\" class=\"wp-image-1914\" data-recalc-dims=\"1\"\/><\/figure>\n<\/figure>\n\n\n\n<p>BLENDY<\/p>\n\n\n\n<p><\/p>\n\n\n\n<figure class=\"wp-block-gallery has-nested-images columns-default is-cropped wp-block-gallery-3 is-layout-flex wp-block-gallery-is-layout-flex\">\n<figure class=\"wp-block-image size-large\"><img loading=\"lazy\" decoding=\"async\" width=\"640\" height=\"640\" data-id=\"1908\" src=\"https:\/\/i0.wp.com\/saolastudio.pl\/wp-content\/uploads\/2026\/04\/5w1-120x90-kopia-2.png?resize=640%2C640&#038;quality=99&#038;ssl=1\" alt=\"\" class=\"wp-image-1908\" data-recalc-dims=\"1\"\/><\/figure>\n\n\n\n<figure class=\"wp-block-image size-large\"><img loading=\"lazy\" decoding=\"async\" width=\"640\" height=\"640\" data-id=\"1906\" src=\"https:\/\/i0.wp.com\/saolastudio.pl\/wp-content\/uploads\/2026\/04\/100cm-srebrno-zlota.png?resize=640%2C640&#038;quality=99&#038;ssl=1\" alt=\"\" class=\"wp-image-1906\" data-recalc-dims=\"1\"\/><\/figure>\n\n\n\n<figure class=\"wp-block-image size-large\"><img loading=\"lazy\" decoding=\"async\" width=\"640\" height=\"640\" data-id=\"1895\" src=\"https:\/\/i0.wp.com\/saolastudio.pl\/wp-content\/uploads\/2026\/04\/pusty-kafaelek-tlo-2.png?resize=640%2C640&#038;quality=99&#038;ssl=1\" alt=\"\" class=\"wp-image-1895\" data-recalc-dims=\"1\"\/><\/figure>\n<\/figure>\n\n\n\n<p>STATYWY<\/p>\n\n\n\n<figure class=\"wp-block-gallery has-nested-images columns-default is-cropped wp-block-gallery-4 is-layout-flex wp-block-gallery-is-layout-flex\">\n<figure class=\"wp-block-image size-large\"><img loading=\"lazy\" decoding=\"async\" width=\"640\" height=\"640\" data-id=\"1910\" src=\"https:\/\/i0.wp.com\/saolastudio.pl\/wp-content\/uploads\/2026\/04\/statyw-glareone-4szt.png?resize=640%2C640&#038;quality=99&#038;ssl=1\" alt=\"\" class=\"wp-image-1910\" data-recalc-dims=\"1\"\/><\/figure>\n\n\n\n<figure class=\"wp-block-image size-large\"><img loading=\"lazy\" decoding=\"async\" width=\"640\" height=\"640\" data-id=\"1271\" src=\"https:\/\/i0.wp.com\/saolastudio.pl\/wp-content\/uploads\/2024\/04\/Manfrotto-475B-kopia-2-1024x1024.png?resize=640%2C640&#038;quality=99&#038;ssl=1\" alt=\"\" class=\"wp-image-1271\" data-recalc-dims=\"1\"\/><\/figure>\n\n\n\n<figure class=\"wp-block-image size-large\"><img loading=\"lazy\" decoding=\"async\" width=\"640\" height=\"640\" data-id=\"1272\" src=\"https:\/\/i0.wp.com\/saolastudio.pl\/wp-content\/uploads\/2024\/04\/Glowica-Manfrotto-405-kopia-2-1024x1024.png?resize=640%2C640&#038;quality=99&#038;ssl=1\" alt=\"\" class=\"wp-image-1272\" data-recalc-dims=\"1\"\/><\/figure>\n<\/figure>\n\n\n\n<p>POZOSTA\u0141Y SPRZ\u0118T<\/p>\n\n\n\n<figure class=\"wp-block-gallery has-nested-images columns-default is-cropped wp-block-gallery-5 is-layout-flex wp-block-gallery-is-layout-flex\">\n<figure class=\"wp-block-image size-large\"><img loading=\"lazy\" decoding=\"async\" width=\"640\" height=\"640\" data-id=\"1916\" src=\"https:\/\/i0.wp.com\/saolastudio.pl\/wp-content\/uploads\/2026\/04\/listwa-zasilajaca.png?resize=640%2C640&#038;quality=99&#038;ssl=1\" alt=\"\" class=\"wp-image-1916\" data-recalc-dims=\"1\"\/><\/figure>\n\n\n\n<figure class=\"wp-block-image size-large\"><img loading=\"lazy\" decoding=\"async\" width=\"640\" height=\"640\" data-id=\"1895\" src=\"https:\/\/i0.wp.com\/saolastudio.pl\/wp-content\/uploads\/2026\/04\/pusty-kafaelek-tlo-2.png?resize=640%2C640&#038;quality=99&#038;ssl=1\" alt=\"\" class=\"wp-image-1895\" data-recalc-dims=\"1\"\/><\/figure>\n\n\n\n<figure class=\"wp-block-image size-large\"><img loading=\"lazy\" decoding=\"async\" width=\"640\" height=\"640\" data-id=\"1895\" src=\"https:\/\/i0.wp.com\/saolastudio.pl\/wp-content\/uploads\/2026\/04\/pusty-kafaelek-tlo-2.png?resize=640%2C640&#038;quality=99&#038;ssl=1\" alt=\"\" class=\"wp-image-1895\" data-recalc-dims=\"1\"\/><\/figure>\n<\/figure>\n\n\n\n<p><\/p>\n","protected":false},"excerpt":{"rendered":"<p>O\u015aWIETLENIE MODYFIKATORY BLENDY STATYWY POZOSTA\u0141Y SPRZ\u0118T<\/p>\n","protected":false},"author":1,"featured_media":0,"parent":0,"menu_order":0,"comment_status":"closed","ping_status":"closed","template":"","meta":{"footnotes":""},"class_list":["post-1874","page","type-page","status-publish","hentry"],"jetpack_sharing_enabled":true,"_links":{"self":[{"href":"https:\/\/saolastudio.pl\/index.php\/wp-json\/wp\/v2\/pages\/1874","targetHints":{"allow":["GET"]}}],"collection":[{"href":"https:\/\/saolastudio.pl\/index.php\/wp-json\/wp\/v2\/pages"}],"about":[{"href":"https:\/\/saolastudio.pl\/index.php\/wp-json\/wp\/v2\/types\/page"}],"author":[{"embeddable":true,"href":"https:\/\/saolastudio.pl\/index.php\/wp-json\/wp\/v2\/users\/1"}],"replies":[{"embeddable":true,"href":"https:\/\/saolastudio.pl\/index.php\/wp-json\/wp\/v2\/comments?post=1874"}],"version-history":[{"count":9,"href":"https:\/\/saolastudio.pl\/index.php\/wp-json\/wp\/v2\/pages\/1874\/revisions"}],"predecessor-version":[{"id":1920,"href":"https:\/\/saolastudio.pl\/index.php\/wp-json\/wp\/v2\/pages\/1874\/revisions\/1920"}],"wp:attachment":[{"href":"https:\/\/saolastudio.pl\/index.php\/wp-json\/wp\/v2\/media?parent=1874"}],"curies":[{"name":"wp","href":"https:\/\/api.w.org\/{rel}","templated":true}]}}