{"id":1921,"date":"2026-04-28T11:42:18","date_gmt":"2026-04-28T10:42:18","guid":{"rendered":"https:\/\/saolastudio.pl\/?page_id=1921"},"modified":"2026-04-28T13:50:05","modified_gmt":"2026-04-28T12:50:05","slug":"sprzet-mickiewicza","status":"publish","type":"page","link":"https:\/\/saolastudio.pl\/index.php\/sprzet-mickiewicza\/","title":{"rendered":"Sprz\u0119t ul. Mickiewicza"},"content":{"rendered":"\n<p>O\u015aWIETLENIE<\/p>\n\n\n\n<figure class=\"wp-block-gallery has-nested-images columns-default is-cropped wp-block-gallery-1 is-layout-flex wp-block-gallery-is-layout-flex\">\n<figure class=\"wp-block-image size-large\"><img loading=\"lazy\" decoding=\"async\" width=\"640\" height=\"640\" data-id=\"1924\" src=\"https:\/\/i0.wp.com\/saolastudio.pl\/wp-content\/uploads\/2026\/04\/lampa-blyskowa-quadralite-pulse-pro-x-800-kopia-2.png?resize=640%2C640&#038;quality=99&#038;ssl=1\" alt=\"\" class=\"wp-image-1924\" data-recalc-dims=\"1\"\/><\/figure>\n\n\n\n<figure class=\"wp-block-image size-large\"><img loading=\"lazy\" decoding=\"async\" width=\"640\" height=\"640\" data-id=\"1252\" src=\"https:\/\/i0.wp.com\/saolastudio.pl\/wp-content\/uploads\/2024\/04\/quadralite-pulse-x-1200-kopia-2-1024x1024.png?resize=640%2C640&#038;quality=99&#038;ssl=1\" alt=\"\" class=\"wp-image-1252\" data-recalc-dims=\"1\"\/><\/figure>\n\n\n\n<figure class=\"wp-block-image size-large\"><img loading=\"lazy\" decoding=\"async\" width=\"640\" height=\"640\" data-id=\"1925\" src=\"https:\/\/i0.wp.com\/saolastudio.pl\/wp-content\/uploads\/2026\/04\/lampaledcobrc220bbi-color362110-148129920-kopia-2.png?resize=640%2C640&#038;quality=99&#038;ssl=1\" alt=\"\" class=\"wp-image-1925\" data-recalc-dims=\"1\"\/><\/figure>\n<\/figure>\n\n\n\n<p>MODYFIKATORY<\/p>\n\n\n\n<figure class=\"wp-block-gallery has-nested-images columns-default is-cropped wp-block-gallery-2 is-layout-flex wp-block-gallery-is-layout-flex\">\n<figure class=\"wp-block-image size-large\"><img loading=\"lazy\" decoding=\"async\" width=\"640\" height=\"640\" data-id=\"1926\" src=\"https:\/\/i0.wp.com\/saolastudio.pl\/wp-content\/uploads\/2026\/04\/czasza-quadralite-atlas-18cm-kopia-2.png?resize=640%2C640&#038;quality=99&#038;ssl=1\" alt=\"\" class=\"wp-image-1926\" data-recalc-dims=\"1\"\/><\/figure>\n\n\n\n<figure class=\"wp-block-image size-large\"><img loading=\"lazy\" decoding=\"async\" width=\"640\" height=\"640\" data-id=\"1927\" src=\"https:\/\/i0.wp.com\/saolastudio.pl\/wp-content\/uploads\/2026\/04\/parasol-glare-one-transparentny-90-kopia-2.png?resize=640%2C640&#038;quality=99&#038;ssl=1\" alt=\"\" class=\"wp-image-1927\" data-recalc-dims=\"1\"\/><\/figure>\n\n\n\n<figure class=\"wp-block-image size-large\"><img loading=\"lazy\" decoding=\"async\" width=\"640\" height=\"640\" data-id=\"1928\" src=\"https:\/\/i0.wp.com\/saolastudio.pl\/wp-content\/uploads\/2026\/04\/parasol-glareone-srebrny-90-kopia-2.png?resize=640%2C640&#038;quality=99&#038;ssl=1\" alt=\"\" class=\"wp-image-1928\" data-recalc-dims=\"1\"\/><\/figure>\n<\/figure>\n\n\n\n<figure class=\"wp-block-gallery has-nested-images columns-default is-cropped wp-block-gallery-3 is-layout-flex wp-block-gallery-is-layout-flex\">\n<figure class=\"wp-block-image size-large\"><img loading=\"lazy\" decoding=\"async\" width=\"640\" height=\"640\" data-id=\"1914\" src=\"https:\/\/i0.wp.com\/saolastudio.pl\/wp-content\/uploads\/2026\/04\/smallrig-czasza-kopia-2.png?resize=640%2C640&#038;quality=99&#038;ssl=1\" alt=\"\" class=\"wp-image-1914\" data-recalc-dims=\"1\"\/><\/figure>\n\n\n\n<figure class=\"wp-block-image size-large\"><img loading=\"lazy\" decoding=\"async\" width=\"640\" height=\"640\" data-id=\"1903\" src=\"https:\/\/i0.wp.com\/saolastudio.pl\/wp-content\/uploads\/2026\/04\/smallrig-latern-kopia-2.png?resize=640%2C640&#038;quality=99&#038;ssl=1\" alt=\"\" class=\"wp-image-1903\" data-recalc-dims=\"1\"\/><\/figure>\n\n\n\n<figure class=\"wp-block-image size-large\"><img loading=\"lazy\" decoding=\"async\" width=\"640\" height=\"640\" data-id=\"1267\" src=\"https:\/\/i0.wp.com\/saolastudio.pl\/wp-content\/uploads\/2024\/04\/Softbox-paroboliczny-Smallrig-RA-D85-kopia-2-1024x1024.png?resize=640%2C640&#038;quality=99&#038;ssl=1\" alt=\"\" class=\"wp-image-1267\" data-recalc-dims=\"1\"\/><\/figure>\n<\/figure>\n\n\n\n<p>BLENDY<\/p>\n\n\n\n<figure class=\"wp-block-gallery has-nested-images columns-default is-cropped wp-block-gallery-4 is-layout-flex wp-block-gallery-is-layout-flex\">\n<figure class=\"wp-block-image size-large\"><img loading=\"lazy\" decoding=\"async\" width=\"640\" height=\"640\" data-id=\"1929\" src=\"https:\/\/i0.wp.com\/saolastudio.pl\/wp-content\/uploads\/2026\/04\/60x90-5w1-kopia-2.png?resize=640%2C640&#038;quality=99&#038;ssl=1\" alt=\"\" class=\"wp-image-1929\" data-recalc-dims=\"1\"\/><\/figure>\n\n\n\n<figure class=\"wp-block-image size-large\"><img loading=\"lazy\" decoding=\"async\" width=\"640\" height=\"640\" data-id=\"1930\" src=\"https:\/\/i0.wp.com\/saolastudio.pl\/wp-content\/uploads\/2026\/04\/2w1-blenda-srebrno-zlota-120x180cm-basic-freepower34580-kopia-2.png?resize=640%2C640&#038;quality=99&#038;ssl=1\" alt=\"\" class=\"wp-image-1930\" data-recalc-dims=\"1\"\/><\/figure>\n\n\n\n<figure class=\"wp-block-image size-large\"><img loading=\"lazy\" decoding=\"async\" width=\"640\" height=\"640\" data-id=\"1931\" src=\"https:\/\/i0.wp.com\/saolastudio.pl\/wp-content\/uploads\/2026\/04\/60cm-5w1-kopia-2.png?resize=640%2C640&#038;quality=99&#038;ssl=1\" alt=\"\" class=\"wp-image-1931\" data-recalc-dims=\"1\"\/><\/figure>\n<\/figure>\n\n\n\n<figure class=\"wp-block-gallery has-nested-images columns-default is-cropped wp-block-gallery-5 is-layout-flex wp-block-gallery-is-layout-flex\">\n<figure class=\"wp-block-image size-large\"><img loading=\"lazy\" decoding=\"async\" width=\"640\" height=\"640\" data-id=\"1932\" src=\"https:\/\/i0.wp.com\/saolastudio.pl\/wp-content\/uploads\/2026\/04\/5w1-120x180-kopia-2.png?resize=640%2C640&#038;quality=99&#038;ssl=1\" alt=\"\" class=\"wp-image-1932\" data-recalc-dims=\"1\"\/><\/figure>\n\n\n\n<figure class=\"wp-block-image size-large\"><img loading=\"lazy\" decoding=\"async\" width=\"640\" height=\"640\" data-id=\"1895\" src=\"https:\/\/i0.wp.com\/saolastudio.pl\/wp-content\/uploads\/2026\/04\/pusty-kafaelek-tlo-2.png?resize=640%2C640&#038;quality=99&#038;ssl=1\" alt=\"\" class=\"wp-image-1895\" data-recalc-dims=\"1\"\/><\/figure>\n\n\n\n<figure class=\"wp-block-image size-large\"><img loading=\"lazy\" decoding=\"async\" width=\"640\" height=\"640\" data-id=\"1895\" src=\"https:\/\/i0.wp.com\/saolastudio.pl\/wp-content\/uploads\/2026\/04\/pusty-kafaelek-tlo-2.png?resize=640%2C640&#038;quality=99&#038;ssl=1\" alt=\"\" class=\"wp-image-1895\" data-recalc-dims=\"1\"\/><\/figure>\n<\/figure>\n\n\n\n<p>STATYWY<\/p>\n\n\n\n<figure class=\"wp-block-gallery has-nested-images columns-default is-cropped wp-block-gallery-6 is-layout-flex wp-block-gallery-is-layout-flex\">\n<figure class=\"wp-block-image size-large\"><img loading=\"lazy\" decoding=\"async\" width=\"640\" height=\"640\" data-id=\"1889\" src=\"https:\/\/i0.wp.com\/saolastudio.pl\/wp-content\/uploads\/2026\/04\/quadralite-air-260-kopia-2.png?resize=640%2C640&#038;quality=99&#038;ssl=1\" alt=\"\" class=\"wp-image-1889\" data-recalc-dims=\"1\"\/><\/figure>\n\n\n\n<figure class=\"wp-block-image size-large\"><img loading=\"lazy\" decoding=\"async\" width=\"640\" height=\"640\" data-id=\"1933\" src=\"https:\/\/i0.wp.com\/saolastudio.pl\/wp-content\/uploads\/2026\/04\/statyw-z-boomem.png?resize=640%2C640&#038;quality=99&#038;ssl=1\" alt=\"\" class=\"wp-image-1933\" data-recalc-dims=\"1\"\/><\/figure>\n\n\n\n<figure class=\"wp-block-image size-large\"><img loading=\"lazy\" decoding=\"async\" width=\"640\" height=\"640\" data-id=\"1891\" src=\"https:\/\/i0.wp.com\/saolastudio.pl\/wp-content\/uploads\/2026\/04\/selfie-stick.png?resize=640%2C640&#038;quality=99&#038;ssl=1\" alt=\"\" class=\"wp-image-1891\" data-recalc-dims=\"1\"\/><\/figure>\n<\/figure>\n\n\n\n<p>POZOSTA\u0141Y OSPRZ\u0118T<\/p>\n\n\n\n<figure class=\"wp-block-gallery has-nested-images columns-default is-cropped wp-block-gallery-7 is-layout-flex wp-block-gallery-is-layout-flex\">\n<figure class=\"wp-block-image size-large\"><img loading=\"lazy\" decoding=\"async\" width=\"640\" height=\"640\" data-id=\"1934\" src=\"https:\/\/i0.wp.com\/saolastudio.pl\/wp-content\/uploads\/2026\/04\/usb-a-to-micro-usb-typ-b-kopia-2.png?resize=640%2C640&#038;quality=99&#038;ssl=1\" alt=\"\" class=\"wp-image-1934\" data-recalc-dims=\"1\"\/><\/figure>\n\n\n\n<figure class=\"wp-block-image size-large\"><img loading=\"lazy\" decoding=\"async\" width=\"640\" height=\"640\" data-id=\"1935\" src=\"https:\/\/i0.wp.com\/saolastudio.pl\/wp-content\/uploads\/2026\/04\/usb-a-to-usb-c-kopia-2.png?resize=640%2C640&#038;quality=99&#038;ssl=1\" alt=\"\" class=\"wp-image-1935\" data-recalc-dims=\"1\"\/><\/figure>\n\n\n\n<figure class=\"wp-block-image size-large\"><img loading=\"lazy\" decoding=\"async\" width=\"640\" height=\"640\" data-id=\"1936\" src=\"https:\/\/i0.wp.com\/saolastudio.pl\/wp-content\/uploads\/2026\/04\/przewod-mathorn-usb-c-to-usb-c-5m-kopia-2.png?resize=640%2C640&#038;quality=99&#038;ssl=1\" alt=\"\" class=\"wp-image-1936\" data-recalc-dims=\"1\"\/><\/figure>\n<\/figure>\n\n\n\n<figure class=\"wp-block-gallery has-nested-images columns-default is-cropped wp-block-gallery-8 is-layout-flex wp-block-gallery-is-layout-flex\">\n<figure class=\"wp-block-image size-large\"><img loading=\"lazy\" decoding=\"async\" width=\"640\" height=\"640\" data-id=\"1937\" src=\"https:\/\/i0.wp.com\/saolastudio.pl\/wp-content\/uploads\/2026\/04\/wyzwalacz-quadralite-navigator-x-basic-24-ghz-1000x1000-1-of-4-kopia-2.png?resize=640%2C640&#038;quality=99&#038;ssl=1\" alt=\"\" class=\"wp-image-1937\" data-recalc-dims=\"1\"\/><\/figure>\n\n\n\n<figure class=\"wp-block-image size-large\"><img loading=\"lazy\" decoding=\"async\" width=\"640\" height=\"640\" data-id=\"1938\" src=\"https:\/\/i0.wp.com\/saolastudio.pl\/wp-content\/uploads\/2026\/04\/przedluzacz-bebnowy-kopia-2.png?resize=640%2C640&#038;quality=99&#038;ssl=1\" alt=\"\" class=\"wp-image-1938\" data-recalc-dims=\"1\"\/><\/figure>\n\n\n\n<figure class=\"wp-block-image size-large\"><img loading=\"lazy\" decoding=\"async\" width=\"640\" height=\"640\" data-id=\"1939\" src=\"https:\/\/i0.wp.com\/saolastudio.pl\/wp-content\/uploads\/2026\/04\/listwa-zasilajaca-3szt.png?resize=640%2C640&#038;quality=99&#038;ssl=1\" alt=\"\" class=\"wp-image-1939\" data-recalc-dims=\"1\"\/><\/figure>\n\n\n\n<figure class=\"wp-block-image size-large\"><img loading=\"lazy\" decoding=\"async\" width=\"640\" height=\"640\" data-id=\"1940\" src=\"https:\/\/i0.wp.com\/saolastudio.pl\/wp-content\/uploads\/2026\/04\/klips-kopia-3.png?resize=640%2C640&#038;quality=99&#038;ssl=1\" alt=\"\" class=\"wp-image-1940\" data-recalc-dims=\"1\"\/><\/figure>\n\n\n\n<figure class=\"wp-block-image size-large\"><img loading=\"lazy\" decoding=\"async\" width=\"640\" height=\"640\" data-id=\"1942\" src=\"https:\/\/i0.wp.com\/saolastudio.pl\/wp-content\/uploads\/2026\/04\/grid-na-wrota-kopia-2.png?resize=640%2C640&#038;quality=99&#038;ssl=1\" alt=\"\" class=\"wp-image-1942\" data-recalc-dims=\"1\"\/><\/figure>\n\n\n\n<figure class=\"wp-block-image size-full\"><img loading=\"lazy\" decoding=\"async\" width=\"640\" height=\"640\" data-id=\"1943\" src=\"https:\/\/i0.wp.com\/saolastudio.pl\/wp-content\/uploads\/2026\/04\/filtr-kopia-2.png?resize=640%2C640&#038;quality=99\" alt=\"\" class=\"wp-image-1943\" data-recalc-dims=\"1\"\/><\/figure>\n\n\n\n<figure class=\"wp-block-image size-full\"><img loading=\"lazy\" decoding=\"async\" width=\"640\" height=\"640\" data-id=\"1954\" src=\"https:\/\/i0.wp.com\/saolastudio.pl\/wp-content\/uploads\/2026\/04\/system-zawieszania-tla-28m-na-zyczenie.png?resize=640%2C640&#038;quality=99&#038;ssl=1\" alt=\"\" class=\"wp-image-1954\" data-recalc-dims=\"1\"\/><\/figure>\n\n\n\n<figure class=\"wp-block-image size-large\"><img loading=\"lazy\" decoding=\"async\" width=\"640\" height=\"640\" data-id=\"1945\" src=\"https:\/\/i0.wp.com\/saolastudio.pl\/wp-content\/uploads\/2026\/04\/wentylator-podlogowy.png?resize=640%2C640&#038;quality=99&#038;ssl=1\" alt=\"\" class=\"wp-image-1945\" data-recalc-dims=\"1\"\/><\/figure>\n\n\n\n<figure class=\"wp-block-image size-large\"><img loading=\"lazy\" decoding=\"async\" width=\"640\" height=\"640\" data-id=\"1893\" src=\"https:\/\/i0.wp.com\/saolastudio.pl\/wp-content\/uploads\/2026\/04\/parownica.png?resize=640%2C640&#038;quality=99&#038;ssl=1\" alt=\"\" class=\"wp-image-1893\" data-recalc-dims=\"1\"\/><\/figure>\n<\/figure>\n\n\n\n<p>T\u0141A NA \u017bYCZENIE<\/p>\n\n\n\n<figure class=\"wp-block-gallery has-nested-images columns-default is-cropped wp-block-gallery-9 is-layout-flex wp-block-gallery-is-layout-flex\">\n<figure class=\"wp-block-image size-large\"><img loading=\"lazy\" decoding=\"async\" width=\"640\" height=\"640\" data-id=\"1879\" src=\"https:\/\/i0.wp.com\/saolastudio.pl\/wp-content\/uploads\/2026\/04\/tlo-szare-kopia.png?resize=640%2C640&#038;quality=99&#038;ssl=1\" alt=\"\" class=\"wp-image-1879\" data-recalc-dims=\"1\"\/><\/figure>\n\n\n\n<figure class=\"wp-block-image size-large\"><img loading=\"lazy\" decoding=\"async\" width=\"640\" height=\"640\" data-id=\"1880\" src=\"https:\/\/i0.wp.com\/saolastudio.pl\/wp-content\/uploads\/2026\/04\/tlo-barwione-kopia.png?resize=640%2C640&#038;quality=99&#038;ssl=1\" alt=\"\" class=\"wp-image-1880\" data-recalc-dims=\"1\"\/><\/figure>\n\n\n\n<figure class=\"wp-block-image size-large\"><img loading=\"lazy\" decoding=\"async\" width=\"640\" height=\"640\" data-id=\"1895\" src=\"https:\/\/i0.wp.com\/saolastudio.pl\/wp-content\/uploads\/2026\/04\/pusty-kafaelek-tlo-2.png?resize=640%2C640&#038;quality=99&#038;ssl=1\" alt=\"\" class=\"wp-image-1895\" data-recalc-dims=\"1\"\/><\/figure>\n<\/figure>\n\n\n\n<p><\/p>\n","protected":false},"excerpt":{"rendered":"<p>O\u015aWIETLENIE MODYFIKATORY BLENDY STATYWY POZOSTA\u0141Y OSPRZ\u0118T T\u0141A NA \u017bYCZENIE<\/p>\n","protected":false},"author":1,"featured_media":0,"parent":0,"menu_order":0,"comment_status":"closed","ping_status":"closed","template":"","meta":{"footnotes":""},"class_list":["post-1921","page","type-page","status-publish","hentry"],"jetpack_sharing_enabled":true,"_links":{"self":[{"href":"https:\/\/saolastudio.pl\/index.php\/wp-json\/wp\/v2\/pages\/1921","targetHints":{"allow":["GET"]}}],"collection":[{"href":"https:\/\/saolastudio.pl\/index.php\/wp-json\/wp\/v2\/pages"}],"about":[{"href":"https:\/\/saolastudio.pl\/index.php\/wp-json\/wp\/v2\/types\/page"}],"author":[{"embeddable":true,"href":"https:\/\/saolastudio.pl\/index.php\/wp-json\/wp\/v2\/users\/1"}],"replies":[{"embeddable":true,"href":"https:\/\/saolastudio.pl\/index.php\/wp-json\/wp\/v2\/comments?post=1921"}],"version-history":[{"count":5,"href":"https:\/\/saolastudio.pl\/index.php\/wp-json\/wp\/v2\/pages\/1921\/revisions"}],"predecessor-version":[{"id":1955,"href":"https:\/\/saolastudio.pl\/index.php\/wp-json\/wp\/v2\/pages\/1921\/revisions\/1955"}],"wp:attachment":[{"href":"https:\/\/saolastudio.pl\/index.php\/wp-json\/wp\/v2\/media?parent=1921"}],"curies":[{"name":"wp","href":"https:\/\/api.w.org\/{rel}","templated":true}]}}